{"id":15674,"date":"2025-01-12T21:38:32","date_gmt":"2025-01-12T20:38:32","guid":{"rendered":"https:\/\/jessienottola.com\/?page_id=15674"},"modified":"2025-01-13T13:25:01","modified_gmt":"2025-01-13T12:25:01","slug":"acteur","status":"publish","type":"page","link":"https:\/\/jessienottola.com\/index.php\/acteur\/","title":{"rendered":"Acteur"},"content":{"rendered":"<div class=\"wpb-content-wrapper\"><p>[vc_row css_animation=&#8221;&#8221; row_type=&#8221;row&#8221; use_row_as_full_screen_section=&#8221;no&#8221; type=&#8221;full_width&#8221; angled_section=&#8221;no&#8221; text_align=&#8221;left&#8221; background_image_as_pattern=&#8221;without_pattern&#8221;][vc_column][vc_column_text]<\/p>\n<div dir=\"ltr\">Jessie Nottola dessine sa vie \u00e0 la mani\u00e8re d&#8217;un nomade moderne en bon autodidacte.<\/div>\n<div dir=\"ltr\">Apr\u00e8s musicien et r\u00e9alisateur, il est pass\u00e9 de l&#8217;autre c\u00f4t\u00e9 de la camera lors du tournage d&#8217;un clip pour jouer le r\u00f4le d&#8217;un gangster faute de budget pour embaucher un com\u00e9dien ce jour l\u00e0.<\/div>\n<div dir=\"ltr\">Il s&#8217;est pris au jeu \u00e0 force de messages d&#8217;encouragements pour jouer d&#8217;autres r\u00f4les. Depuis, entre des r\u00f4les de psychopathe, gangster ou incarnant des personnages dans l&#8217;exploration d&#8217;une certaine folie douce, il s&#8217;investit davantage aujourd&#8217;hui dans ce chemin et ce, sans en connaitre comme souvent, la suite&#8230;<\/div>\n<p>[\/vc_column_text][\/vc_column][\/vc_row][vc_row css_animation=&#8221;&#8221; row_type=&#8221;row&#8221; use_row_as_full_screen_section=&#8221;no&#8221; type=&#8221;full_width&#8221; angled_section=&#8221;no&#8221; text_align=&#8221;left&#8221; background_image_as_pattern=&#8221;without_pattern&#8221;][vc_column][vc_empty_space][\/vc_column][\/vc_row][vc_row css_animation=&#8221;&#8221; row_type=&#8221;row&#8221; use_row_as_full_screen_section=&#8221;no&#8221; type=&#8221;full_width&#8221; angled_section=&#8221;no&#8221; text_align=&#8221;left&#8221; background_image_as_pattern=&#8221;without_pattern&#8221;][vc_column][vc_video link=&#8221;https:\/\/youtu.be\/nRIrE42KHwg?si=ru0RnguLp_0UBEAr&#8221; align=&#8221;center&#8221;][\/vc_column][\/vc_row]<\/p>\n<\/div>","protected":false},"excerpt":{"rendered":"<p>[vc_row css_animation=&#8221;&#8221; row_type=&#8221;row&#8221; use_row_as_full_screen_section=&#8221;no&#8221; type=&#8221;full_width&#8221; angled_section=&#8221;no&#8221; text_align=&#8221;left&#8221; background_image_as_pattern=&#8221;without_pattern&#8221;][vc_column][vc_column_text] Jessie Nottola dessine sa vie \u00e0 la mani\u00e8re d&#8217;un nomade moderne en bon autodidacte. Apr\u00e8s musicien et r\u00e9alisateur, il est pass\u00e9 de l&#8217;autre c\u00f4t\u00e9 de la camera lors du tournage d&#8217;un clip pour jouer le r\u00f4le d&#8217;un&#8230;<\/p>\n","protected":false},"author":1,"featured_media":0,"parent":0,"menu_order":0,"comment_status":"closed","ping_status":"closed","template":"","meta":{"content-type":"","footnotes":""},"class_list":["post-15674","page","type-page","status-publish","hentry"],"_links":{"self":[{"href":"https:\/\/jessienottola.com\/index.php\/wp-json\/wp\/v2\/pages\/15674","targetHints":{"allow":["GET"]}}],"collection":[{"href":"https:\/\/jessienottola.com\/index.php\/wp-json\/wp\/v2\/pages"}],"about":[{"href":"https:\/\/jessienottola.com\/index.php\/wp-json\/wp\/v2\/types\/page"}],"author":[{"embeddable":true,"href":"https:\/\/jessienottola.com\/index.php\/wp-json\/wp\/v2\/users\/1"}],"replies":[{"embeddable":true,"href":"https:\/\/jessienottola.com\/index.php\/wp-json\/wp\/v2\/comments?post=15674"}],"version-history":[{"count":5,"href":"https:\/\/jessienottola.com\/index.php\/wp-json\/wp\/v2\/pages\/15674\/revisions"}],"predecessor-version":[{"id":15710,"href":"https:\/\/jessienottola.com\/index.php\/wp-json\/wp\/v2\/pages\/15674\/revisions\/15710"}],"wp:attachment":[{"href":"https:\/\/jessienottola.com\/index.php\/wp-json\/wp\/v2\/media?parent=15674"}],"curies":[{"name":"wp","href":"https:\/\/api.w.org\/{rel}","templated":true}]}}